{"id":6,"date":"2024-09-29T09:35:05","date_gmt":"2024-09-29T09:35:05","guid":{"rendered":"https:\/\/rodrelaks.warszawa.pl\/?page_id=6"},"modified":"2026-05-01T08:26:08","modified_gmt":"2026-05-01T08:26:08","slug":"witaj-w-relaksie","status":"publish","type":"page","link":"https:\/\/rodrelaks.waw.pl\/","title":{"rendered":"Witaj w Relaksie"},"content":{"rendered":"\n<p><strong>Witaj na stronie Rodzinnego Ogrodu dzia\u0142kowego RELAKS I w dzielnicy Rembert\u00f3w m. st. Warszawy.<\/strong><\/p>\n\n\n\n<p>Rodzinny ogr\u00f3d dzia\u0142kowy, jako podstawow\u0105 jednostk\u0119 organizacyjn\u0105 PZD, tworz\u0105 cz\u0142onkowie zwyczajni z tego ROD. Na zasadach okre\u015blonych w niniejszym Statucie, rodzinny ogr\u00f3d dzia\u0142kowy zarz\u0105dza infrastruktur\u0105 ogrodow\u0105 oraz rozporz\u0105dza \u015brodkami finansowymi i maj\u0105tkiem ruchomym pozostaj\u0105cymi w dyspozycji ROD. Szczeg\u00f3\u0142owe zasady dotycz\u0105ce zagospodarowania i u\u017cytkowania dzia\u0142ki oraz funkcjonowania i zagospodarowania ROD, a tak\u017ce zasady wsp\u00f3\u0142\u017cycia spo\u0142ecznego obowi\u0105zuj\u0105ce na terenie ogrod\u00f3w okre\u015bla Regulamin ROD. <\/p>\n\n\n\n<p>Najwy\u017cszym organem PZD w ROD jest walne zebranie. Prawo uczestniczenia w walnym zebraniu oraz prawo wybierania i bycia wybieranym do organ\u00f3w PZD ma ka\u017cdy cz\u0142onek zwyczajny z danego ROD. <\/p>\n\n\n\n<p>Sprawy ROD prowadzi Zarz\u0105d, kt\u00f3ry jednocze\u015bnie reprezentuje PZD w zakresie i na zasadach okre\u015blonych statutem.<\/p>\n\n\n\n<figure class=\"wp-block-gallery has-nested-images columns-default is-cropped wp-block-gallery-1 is-layout-flex wp-block-gallery-is-layout-flex\">\n<figure class=\"wp-block-image size-large\"><a href=\"https:\/\/pzd.pl\/uploads\/Renata2\/Statut%202025.pdf\"><img loading=\"lazy\" decoding=\"async\" width=\"1024\" height=\"323\" data-id=\"89\" src=\"https:\/\/rodrelaks.waw.pl\/wp-content\/uploads\/2024\/10\/Uwaga-od-29-kwietnia-do-5-maja-1024x323.png\" alt=\"\" class=\"wp-image-89\" srcset=\"https:\/\/rodrelaks.waw.pl\/wp-content\/uploads\/2024\/10\/Uwaga-od-29-kwietnia-do-5-maja-1024x323.png 1024w, https:\/\/rodrelaks.waw.pl\/wp-content\/uploads\/2024\/10\/Uwaga-od-29-kwietnia-do-5-maja-300x95.png 300w, https:\/\/rodrelaks.waw.pl\/wp-content\/uploads\/2024\/10\/Uwaga-od-29-kwietnia-do-5-maja-768x242.png 768w, https:\/\/rodrelaks.waw.pl\/wp-content\/uploads\/2024\/10\/Uwaga-od-29-kwietnia-do-5-maja.png 1280w\" sizes=\"auto, (max-width: 1024px) 100vw, 1024px\" \/><\/a><\/figure>\n\n\n\n<figure class=\"wp-block-image size-large\"><a href=\"https:\/\/rodrelaks.waw.pl\/wp-content\/uploads\/2024\/10\/Regulamin-ROD-2018-publik.pdf\"><img loading=\"lazy\" decoding=\"async\" width=\"1024\" height=\"323\" data-id=\"88\" src=\"https:\/\/rodrelaks.waw.pl\/wp-content\/uploads\/2024\/10\/Uwaga-od-29-kwietnia-do-5-maja-2-1024x323.png\" alt=\"\" class=\"wp-image-88\" srcset=\"https:\/\/rodrelaks.waw.pl\/wp-content\/uploads\/2024\/10\/Uwaga-od-29-kwietnia-do-5-maja-2-1024x323.png 1024w, https:\/\/rodrelaks.waw.pl\/wp-content\/uploads\/2024\/10\/Uwaga-od-29-kwietnia-do-5-maja-2-300x95.png 300w, https:\/\/rodrelaks.waw.pl\/wp-content\/uploads\/2024\/10\/Uwaga-od-29-kwietnia-do-5-maja-2-768x242.png 768w, https:\/\/rodrelaks.waw.pl\/wp-content\/uploads\/2024\/10\/Uwaga-od-29-kwietnia-do-5-maja-2.png 1280w\" sizes=\"auto, (max-width: 1024px) 100vw, 1024px\" \/><\/a><\/figure>\n<\/figure>\n\n\n\n<hr class=\"wp-block-separator has-alpha-channel-opacity\"\/>\n\n\n\n<figure class=\"wp-block-image size-large\"><img loading=\"lazy\" decoding=\"async\" width=\"1024\" height=\"724\" src=\"https:\/\/rodrelaks.waw.pl\/wp-content\/uploads\/2026\/04\/Red-Attention-Private-Property-A4-Landscape-2-1024x724.png\" alt=\"\" class=\"wp-image-743\" srcset=\"https:\/\/rodrelaks.waw.pl\/wp-content\/uploads\/2026\/04\/Red-Attention-Private-Property-A4-Landscape-2-1024x724.png 1024w, https:\/\/rodrelaks.waw.pl\/wp-content\/uploads\/2026\/04\/Red-Attention-Private-Property-A4-Landscape-2-300x212.png 300w, https:\/\/rodrelaks.waw.pl\/wp-content\/uploads\/2026\/04\/Red-Attention-Private-Property-A4-Landscape-2-768x543.png 768w, https:\/\/rodrelaks.waw.pl\/wp-content\/uploads\/2026\/04\/Red-Attention-Private-Property-A4-Landscape-2-1536x1086.png 1536w, https:\/\/rodrelaks.waw.pl\/wp-content\/uploads\/2026\/04\/Red-Attention-Private-Property-A4-Landscape-2.png 2000w\" sizes=\"auto, (max-width: 1024px) 100vw, 1024px\" \/><\/figure>\n\n\n\n<hr class=\"wp-block-separator has-alpha-channel-opacity\"\/>\n\n\n\n<p>Polecamy artyku\u0142 <strong>Nowoczesna dzia\u0142ka w ROD \u2013 co to dzi\u015b znaczy? <\/strong>Artyku\u0142 zamieszczony jest na stronie Mazowieckiego PZD. Aby przej\u015b\u0107 do artyku\u0142u wystarczy klikn\u0105\u0107 <a href=\"https:\/\/mazowiecki.pzd.pl\/dzialania-proekologiczne-na-dzialce-w-rod-wazne-wskazowki-na-nowy-sezon\/\"><strong>TUTAJ.<\/strong><\/a><\/p>\n\n\n\n<figure class=\"wp-block-image size-large\"><img loading=\"lazy\" decoding=\"async\" width=\"1024\" height=\"571\" src=\"https:\/\/rodrelaks.waw.pl\/wp-content\/uploads\/2026\/04\/Obraz-9.04.2026-godz.-14.58-1024x571.png\" alt=\"\" class=\"wp-image-704\" srcset=\"https:\/\/rodrelaks.waw.pl\/wp-content\/uploads\/2026\/04\/Obraz-9.04.2026-godz.-14.58-1024x571.png 1024w, https:\/\/rodrelaks.waw.pl\/wp-content\/uploads\/2026\/04\/Obraz-9.04.2026-godz.-14.58-300x167.png 300w, https:\/\/rodrelaks.waw.pl\/wp-content\/uploads\/2026\/04\/Obraz-9.04.2026-godz.-14.58-768x428.png 768w, https:\/\/rodrelaks.waw.pl\/wp-content\/uploads\/2026\/04\/Obraz-9.04.2026-godz.-14.58-1536x857.png 1536w, https:\/\/rodrelaks.waw.pl\/wp-content\/uploads\/2026\/04\/Obraz-9.04.2026-godz.-14.58.png 1707w\" sizes=\"auto, (max-width: 1024px) 100vw, 1024px\" \/><\/figure>\n\n\n\n<hr class=\"wp-block-separator has-alpha-channel-opacity\"\/>\n\n\n\n<figure class=\"wp-block-gallery has-nested-images columns-4 is-cropped wp-block-gallery-2 is-layout-flex wp-block-gallery-is-layout-flex\">\n<figure class=\"wp-block-image size-large\"><a href=\"https:\/\/rodrelaks.waw.pl\/wp-content\/uploads\/2025\/04\/IMG_0440-scaled.jpeg\"><img loading=\"lazy\" decoding=\"async\" width=\"1024\" height=\"768\" data-id=\"352\" src=\"https:\/\/rodrelaks.waw.pl\/wp-content\/uploads\/2025\/04\/IMG_0440-1024x768.jpeg\" alt=\"\" class=\"wp-image-352\" srcset=\"https:\/\/rodrelaks.waw.pl\/wp-content\/uploads\/2025\/04\/IMG_0440-1024x768.jpeg 1024w, https:\/\/rodrelaks.waw.pl\/wp-content\/uploads\/2025\/04\/IMG_0440-300x225.jpeg 300w, https:\/\/rodrelaks.waw.pl\/wp-content\/uploads\/2025\/04\/IMG_0440-768x576.jpeg 768w, https:\/\/rodrelaks.waw.pl\/wp-content\/uploads\/2025\/04\/IMG_0440-1536x1152.jpeg 1536w, https:\/\/rodrelaks.waw.pl\/wp-content\/uploads\/2025\/04\/IMG_0440-2048x1536.jpeg 2048w\" sizes=\"auto, (max-width: 1024px) 100vw, 1024px\" \/><\/a><\/figure>\n\n\n\n<figure class=\"wp-block-image size-large\"><a href=\"https:\/\/rodrelaks.waw.pl\/wp-content\/uploads\/2025\/05\/IMG_0545-scaled.jpeg\"><img loading=\"lazy\" decoding=\"async\" width=\"1024\" height=\"768\" data-id=\"388\" src=\"https:\/\/rodrelaks.waw.pl\/wp-content\/uploads\/2025\/05\/IMG_0545-1024x768.jpeg\" alt=\"\" class=\"wp-image-388\" srcset=\"https:\/\/rodrelaks.waw.pl\/wp-content\/uploads\/2025\/05\/IMG_0545-1024x768.jpeg 1024w, https:\/\/rodrelaks.waw.pl\/wp-content\/uploads\/2025\/05\/IMG_0545-300x225.jpeg 300w, https:\/\/rodrelaks.waw.pl\/wp-content\/uploads\/2025\/05\/IMG_0545-768x576.jpeg 768w, https:\/\/rodrelaks.waw.pl\/wp-content\/uploads\/2025\/05\/IMG_0545-1536x1152.jpeg 1536w, https:\/\/rodrelaks.waw.pl\/wp-content\/uploads\/2025\/05\/IMG_0545-2048x1536.jpeg 2048w\" sizes=\"auto, (max-width: 1024px) 100vw, 1024px\" \/><\/a><\/figure>\n\n\n\n<figure class=\"wp-block-image size-large\"><a href=\"https:\/\/rodrelaks.waw.pl\/wp-content\/uploads\/2024\/12\/IMG_0031-scaled.jpeg\"><img loading=\"lazy\" decoding=\"async\" width=\"1024\" height=\"768\" data-id=\"179\" src=\"https:\/\/rodrelaks.waw.pl\/wp-content\/uploads\/2024\/12\/IMG_0031-1024x768.jpeg\" alt=\"\" class=\"wp-image-179\" srcset=\"https:\/\/rodrelaks.waw.pl\/wp-content\/uploads\/2024\/12\/IMG_0031-1024x768.jpeg 1024w, https:\/\/rodrelaks.waw.pl\/wp-content\/uploads\/2024\/12\/IMG_0031-300x225.jpeg 300w, https:\/\/rodrelaks.waw.pl\/wp-content\/uploads\/2024\/12\/IMG_0031-768x576.jpeg 768w, https:\/\/rodrelaks.waw.pl\/wp-content\/uploads\/2024\/12\/IMG_0031-1536x1152.jpeg 1536w, https:\/\/rodrelaks.waw.pl\/wp-content\/uploads\/2024\/12\/IMG_0031-2048x1536.jpeg 2048w\" sizes=\"auto, (max-width: 1024px) 100vw, 1024px\" \/><\/a><\/figure>\n\n\n\n<figure class=\"wp-block-image size-large\"><a href=\"https:\/\/rodrelaks.waw.pl\/wp-content\/uploads\/2025\/04\/IMG_0445-scaled.jpeg\"><img loading=\"lazy\" decoding=\"async\" width=\"1024\" height=\"768\" data-id=\"348\" src=\"https:\/\/rodrelaks.waw.pl\/wp-content\/uploads\/2025\/04\/IMG_0445-1024x768.jpeg\" alt=\"\" class=\"wp-image-348\" srcset=\"https:\/\/rodrelaks.waw.pl\/wp-content\/uploads\/2025\/04\/IMG_0445-1024x768.jpeg 1024w, https:\/\/rodrelaks.waw.pl\/wp-content\/uploads\/2025\/04\/IMG_0445-300x225.jpeg 300w, https:\/\/rodrelaks.waw.pl\/wp-content\/uploads\/2025\/04\/IMG_0445-768x576.jpeg 768w, https:\/\/rodrelaks.waw.pl\/wp-content\/uploads\/2025\/04\/IMG_0445-1536x1152.jpeg 1536w, https:\/\/rodrelaks.waw.pl\/wp-content\/uploads\/2025\/04\/IMG_0445-2048x1536.jpeg 2048w\" sizes=\"auto, (max-width: 1024px) 100vw, 1024px\" \/><\/a><\/figure>\n\n\n\n<figure class=\"wp-block-image size-large\"><a href=\"https:\/\/rodrelaks.warszawa.pl\/wp-content\/uploads\/2025\/01\/IMG_0252-1-scaled.jpeg\"><img loading=\"lazy\" decoding=\"async\" width=\"1024\" height=\"768\" data-id=\"225\" src=\"https:\/\/rodrelaks.warszawa.pl\/wp-content\/uploads\/2025\/01\/IMG_0252-1-1024x768.jpeg\" alt=\"\" class=\"wp-image-225\" srcset=\"https:\/\/rodrelaks.waw.pl\/wp-content\/uploads\/2025\/01\/IMG_0252-1-1024x768.jpeg 1024w, https:\/\/rodrelaks.waw.pl\/wp-content\/uploads\/2025\/01\/IMG_0252-1-300x225.jpeg 300w, https:\/\/rodrelaks.waw.pl\/wp-content\/uploads\/2025\/01\/IMG_0252-1-768x576.jpeg 768w, https:\/\/rodrelaks.waw.pl\/wp-content\/uploads\/2025\/01\/IMG_0252-1-1536x1152.jpeg 1536w, https:\/\/rodrelaks.waw.pl\/wp-content\/uploads\/2025\/01\/IMG_0252-1-2048x1536.jpeg 2048w\" sizes=\"auto, (max-width: 1024px) 100vw, 1024px\" \/><\/a><\/figure>\n\n\n\n<figure class=\"wp-block-image size-large\"><a href=\"http:\/\/rodrelaks.warszawa.pl\/wp-content\/uploads\/2025\/04\/IMG_0453-scaled.jpeg\"><img loading=\"lazy\" decoding=\"async\" width=\"1024\" height=\"768\" data-id=\"340\" src=\"http:\/\/rodrelaks.warszawa.pl\/wp-content\/uploads\/2025\/04\/IMG_0453-1024x768.jpeg\" alt=\"\" class=\"wp-image-340\" srcset=\"https:\/\/rodrelaks.waw.pl\/wp-content\/uploads\/2025\/04\/IMG_0453-1024x768.jpeg 1024w, https:\/\/rodrelaks.waw.pl\/wp-content\/uploads\/2025\/04\/IMG_0453-300x225.jpeg 300w, https:\/\/rodrelaks.waw.pl\/wp-content\/uploads\/2025\/04\/IMG_0453-768x576.jpeg 768w, https:\/\/rodrelaks.waw.pl\/wp-content\/uploads\/2025\/04\/IMG_0453-1536x1152.jpeg 1536w, https:\/\/rodrelaks.waw.pl\/wp-content\/uploads\/2025\/04\/IMG_0453-2048x1536.jpeg 2048w\" sizes=\"auto, (max-width: 1024px) 100vw, 1024px\" \/><\/a><\/figure>\n\n\n\n<figure class=\"wp-block-image size-large\"><a href=\"http:\/\/rodrelaks.warszawa.pl\/wp-content\/uploads\/2025\/04\/IMG_0457-scaled.jpeg\"><img loading=\"lazy\" decoding=\"async\" width=\"1024\" height=\"768\" data-id=\"336\" src=\"http:\/\/rodrelaks.warszawa.pl\/wp-content\/uploads\/2025\/04\/IMG_0457-1024x768.jpeg\" alt=\"\" class=\"wp-image-336\" srcset=\"https:\/\/rodrelaks.waw.pl\/wp-content\/uploads\/2025\/04\/IMG_0457-1024x768.jpeg 1024w, https:\/\/rodrelaks.waw.pl\/wp-content\/uploads\/2025\/04\/IMG_0457-300x225.jpeg 300w, https:\/\/rodrelaks.waw.pl\/wp-content\/uploads\/2025\/04\/IMG_0457-768x576.jpeg 768w, https:\/\/rodrelaks.waw.pl\/wp-content\/uploads\/2025\/04\/IMG_0457-1536x1152.jpeg 1536w, https:\/\/rodrelaks.waw.pl\/wp-content\/uploads\/2025\/04\/IMG_0457-2048x1536.jpeg 2048w\" sizes=\"auto, (max-width: 1024px) 100vw, 1024px\" \/><\/a><\/figure>\n\n\n\n<figure class=\"wp-block-image size-large\"><a href=\"http:\/\/rodrelaks.warszawa.pl\/wp-content\/uploads\/2025\/04\/IMG_0449-scaled.jpeg\"><img loading=\"lazy\" decoding=\"async\" width=\"1024\" height=\"768\" data-id=\"345\" src=\"http:\/\/rodrelaks.warszawa.pl\/wp-content\/uploads\/2025\/04\/IMG_0449-1024x768.jpeg\" alt=\"\" class=\"wp-image-345\" srcset=\"https:\/\/rodrelaks.waw.pl\/wp-content\/uploads\/2025\/04\/IMG_0449-1024x768.jpeg 1024w, https:\/\/rodrelaks.waw.pl\/wp-content\/uploads\/2025\/04\/IMG_0449-300x225.jpeg 300w, https:\/\/rodrelaks.waw.pl\/wp-content\/uploads\/2025\/04\/IMG_0449-768x576.jpeg 768w, https:\/\/rodrelaks.waw.pl\/wp-content\/uploads\/2025\/04\/IMG_0449-1536x1152.jpeg 1536w, https:\/\/rodrelaks.waw.pl\/wp-content\/uploads\/2025\/04\/IMG_0449-2048x1536.jpeg 2048w\" sizes=\"auto, (max-width: 1024px) 100vw, 1024px\" \/><\/a><\/figure>\n<\/figure>\n\n\n\n<p><\/p>\n\n\n\n<figure class=\"wp-block-gallery has-nested-images columns-5 is-cropped wp-block-gallery-3 is-layout-flex wp-block-gallery-is-layout-flex\">\n<figure class=\"wp-block-image size-full\"><a href=\"https:\/\/rodrelaks.warszawa.pl\/wp-content\/uploads\/2025\/04\/IMG_0457-scaled.jpeg\"><img loading=\"lazy\" decoding=\"async\" width=\"2560\" height=\"1920\" data-id=\"336\" src=\"https:\/\/rodrelaks.warszawa.pl\/wp-content\/uploads\/2025\/04\/IMG_0457-scaled.jpeg\" alt=\"\" class=\"wp-image-336\" srcset=\"https:\/\/rodrelaks.waw.pl\/wp-content\/uploads\/2025\/04\/IMG_0457-scaled.jpeg 2560w, https:\/\/rodrelaks.waw.pl\/wp-content\/uploads\/2025\/04\/IMG_0457-300x225.jpeg 300w, https:\/\/rodrelaks.waw.pl\/wp-content\/uploads\/2025\/04\/IMG_0457-1024x768.jpeg 1024w, https:\/\/rodrelaks.waw.pl\/wp-content\/uploads\/2025\/04\/IMG_0457-768x576.jpeg 768w, https:\/\/rodrelaks.waw.pl\/wp-content\/uploads\/2025\/04\/IMG_0457-1536x1152.jpeg 1536w, https:\/\/rodrelaks.waw.pl\/wp-content\/uploads\/2025\/04\/IMG_0457-2048x1536.jpeg 2048w\" sizes=\"auto, (max-width: 2560px) 100vw, 2560px\" \/><\/a><\/figure>\n\n\n\n<figure class=\"wp-block-image size-full\"><a href=\"http:\/\/rodrelaks.warszawa.pl\/wp-content\/uploads\/2025\/04\/IMG_0436-scaled.jpeg\"><img loading=\"lazy\" decoding=\"async\" width=\"2560\" height=\"1920\" data-id=\"356\" src=\"http:\/\/rodrelaks.warszawa.pl\/wp-content\/uploads\/2025\/04\/IMG_0436-scaled.jpeg\" alt=\"\" class=\"wp-image-356\" srcset=\"https:\/\/rodrelaks.waw.pl\/wp-content\/uploads\/2025\/04\/IMG_0436-scaled.jpeg 2560w, https:\/\/rodrelaks.waw.pl\/wp-content\/uploads\/2025\/04\/IMG_0436-300x225.jpeg 300w, https:\/\/rodrelaks.waw.pl\/wp-content\/uploads\/2025\/04\/IMG_0436-1024x768.jpeg 1024w, https:\/\/rodrelaks.waw.pl\/wp-content\/uploads\/2025\/04\/IMG_0436-768x576.jpeg 768w, https:\/\/rodrelaks.waw.pl\/wp-content\/uploads\/2025\/04\/IMG_0436-1536x1152.jpeg 1536w, https:\/\/rodrelaks.waw.pl\/wp-content\/uploads\/2025\/04\/IMG_0436-2048x1536.jpeg 2048w\" sizes=\"auto, (max-width: 2560px) 100vw, 2560px\" \/><\/a><\/figure>\n\n\n\n<figure class=\"wp-block-image size-full\"><a href=\"http:\/\/rodrelaks.warszawa.pl\/wp-content\/uploads\/2025\/04\/IMG_0438-scaled.jpeg\"><img loading=\"lazy\" decoding=\"async\" width=\"2560\" height=\"1920\" data-id=\"354\" src=\"http:\/\/rodrelaks.warszawa.pl\/wp-content\/uploads\/2025\/04\/IMG_0438-scaled.jpeg\" alt=\"\" class=\"wp-image-354\" srcset=\"https:\/\/rodrelaks.waw.pl\/wp-content\/uploads\/2025\/04\/IMG_0438-scaled.jpeg 2560w, https:\/\/rodrelaks.waw.pl\/wp-content\/uploads\/2025\/04\/IMG_0438-300x225.jpeg 300w, https:\/\/rodrelaks.waw.pl\/wp-content\/uploads\/2025\/04\/IMG_0438-1024x768.jpeg 1024w, https:\/\/rodrelaks.waw.pl\/wp-content\/uploads\/2025\/04\/IMG_0438-768x576.jpeg 768w, https:\/\/rodrelaks.waw.pl\/wp-content\/uploads\/2025\/04\/IMG_0438-1536x1152.jpeg 1536w, https:\/\/rodrelaks.waw.pl\/wp-content\/uploads\/2025\/04\/IMG_0438-2048x1536.jpeg 2048w\" sizes=\"auto, (max-width: 2560px) 100vw, 2560px\" \/><\/a><\/figure>\n\n\n\n<figure class=\"wp-block-image size-full\"><a href=\"http:\/\/rodrelaks.warszawa.pl\/wp-content\/uploads\/2025\/04\/IMG_0440-scaled.jpeg\"><img loading=\"lazy\" decoding=\"async\" width=\"2560\" height=\"1920\" data-id=\"352\" src=\"http:\/\/rodrelaks.warszawa.pl\/wp-content\/uploads\/2025\/04\/IMG_0440-scaled.jpeg\" alt=\"\" class=\"wp-image-352\" srcset=\"https:\/\/rodrelaks.waw.pl\/wp-content\/uploads\/2025\/04\/IMG_0440-scaled.jpeg 2560w, https:\/\/rodrelaks.waw.pl\/wp-content\/uploads\/2025\/04\/IMG_0440-300x225.jpeg 300w, https:\/\/rodrelaks.waw.pl\/wp-content\/uploads\/2025\/04\/IMG_0440-1024x768.jpeg 1024w, https:\/\/rodrelaks.waw.pl\/wp-content\/uploads\/2025\/04\/IMG_0440-768x576.jpeg 768w, https:\/\/rodrelaks.waw.pl\/wp-content\/uploads\/2025\/04\/IMG_0440-1536x1152.jpeg 1536w, https:\/\/rodrelaks.waw.pl\/wp-content\/uploads\/2025\/04\/IMG_0440-2048x1536.jpeg 2048w\" sizes=\"auto, (max-width: 2560px) 100vw, 2560px\" \/><\/a><\/figure>\n\n\n\n<figure class=\"wp-block-image size-full\"><a href=\"http:\/\/rodrelaks.warszawa.pl\/wp-content\/uploads\/2025\/04\/IMG_0439-scaled.jpeg\"><img loading=\"lazy\" decoding=\"async\" width=\"2560\" height=\"1920\" data-id=\"353\" src=\"http:\/\/rodrelaks.warszawa.pl\/wp-content\/uploads\/2025\/04\/IMG_0439-scaled.jpeg\" alt=\"\" class=\"wp-image-353\" srcset=\"https:\/\/rodrelaks.waw.pl\/wp-content\/uploads\/2025\/04\/IMG_0439-scaled.jpeg 2560w, https:\/\/rodrelaks.waw.pl\/wp-content\/uploads\/2025\/04\/IMG_0439-300x225.jpeg 300w, https:\/\/rodrelaks.waw.pl\/wp-content\/uploads\/2025\/04\/IMG_0439-1024x768.jpeg 1024w, https:\/\/rodrelaks.waw.pl\/wp-content\/uploads\/2025\/04\/IMG_0439-768x576.jpeg 768w, https:\/\/rodrelaks.waw.pl\/wp-content\/uploads\/2025\/04\/IMG_0439-1536x1152.jpeg 1536w, https:\/\/rodrelaks.waw.pl\/wp-content\/uploads\/2025\/04\/IMG_0439-2048x1536.jpeg 2048w\" sizes=\"auto, (max-width: 2560px) 100vw, 2560px\" \/><\/a><\/figure>\n\n\n\n<figure class=\"wp-block-image size-full\"><a href=\"https:\/\/rodrelaks.waw.pl\/wp-content\/uploads\/2025\/09\/Obrazek.jpeg\"><img loading=\"lazy\" decoding=\"async\" width=\"2016\" height=\"1512\" data-id=\"582\" src=\"https:\/\/rodrelaks.waw.pl\/wp-content\/uploads\/2025\/09\/Obrazek.jpeg\" alt=\"\" class=\"wp-image-582\" srcset=\"https:\/\/rodrelaks.waw.pl\/wp-content\/uploads\/2025\/09\/Obrazek.jpeg 2016w, https:\/\/rodrelaks.waw.pl\/wp-content\/uploads\/2025\/09\/Obrazek-300x225.jpeg 300w, https:\/\/rodrelaks.waw.pl\/wp-content\/uploads\/2025\/09\/Obrazek-1024x768.jpeg 1024w, https:\/\/rodrelaks.waw.pl\/wp-content\/uploads\/2025\/09\/Obrazek-768x576.jpeg 768w, https:\/\/rodrelaks.waw.pl\/wp-content\/uploads\/2025\/09\/Obrazek-1536x1152.jpeg 1536w\" sizes=\"auto, (max-width: 2016px) 100vw, 2016px\" \/><\/a><\/figure>\n\n\n\n<figure class=\"wp-block-image size-full\"><a href=\"https:\/\/rodrelaks.waw.pl\/wp-content\/uploads\/2025\/06\/cropped-IMG_0650-scaled-1.jpeg\"><img loading=\"lazy\" decoding=\"async\" width=\"1900\" height=\"1356\" data-id=\"480\" src=\"https:\/\/rodrelaks.waw.pl\/wp-content\/uploads\/2025\/06\/cropped-IMG_0650-scaled-1.jpeg\" alt=\"\" class=\"wp-image-480\" srcset=\"https:\/\/rodrelaks.waw.pl\/wp-content\/uploads\/2025\/06\/cropped-IMG_0650-scaled-1.jpeg 1900w, https:\/\/rodrelaks.waw.pl\/wp-content\/uploads\/2025\/06\/cropped-IMG_0650-scaled-1-300x214.jpeg 300w, https:\/\/rodrelaks.waw.pl\/wp-content\/uploads\/2025\/06\/cropped-IMG_0650-scaled-1-1024x731.jpeg 1024w, https:\/\/rodrelaks.waw.pl\/wp-content\/uploads\/2025\/06\/cropped-IMG_0650-scaled-1-768x548.jpeg 768w, https:\/\/rodrelaks.waw.pl\/wp-content\/uploads\/2025\/06\/cropped-IMG_0650-scaled-1-1536x1096.jpeg 1536w\" sizes=\"auto, (max-width: 1900px) 100vw, 1900px\" \/><\/a><\/figure>\n<\/figure>\n","protected":false},"excerpt":{"rendered":"<p>Witaj na stronie Rodzinnego Ogrodu dzia\u0142kowego RELAKS I w dzielnicy Rembert\u00f3w m. st. Warszawy. Rodzinny<\/p>\n","protected":false},"author":1,"featured_media":0,"parent":0,"menu_order":0,"comment_status":"closed","ping_status":"closed","template":"","meta":{"footnotes":""},"class_list":["post-6","page","type-page","status-publish","hentry"],"_links":{"self":[{"href":"https:\/\/rodrelaks.waw.pl\/index.php?rest_route=\/wp\/v2\/pages\/6","targetHints":{"allow":["GET"]}}],"collection":[{"href":"https:\/\/rodrelaks.waw.pl\/index.php?rest_route=\/wp\/v2\/pages"}],"about":[{"href":"https:\/\/rodrelaks.waw.pl\/index.php?rest_route=\/wp\/v2\/types\/page"}],"author":[{"embeddable":true,"href":"https:\/\/rodrelaks.waw.pl\/index.php?rest_route=\/wp\/v2\/users\/1"}],"replies":[{"embeddable":true,"href":"https:\/\/rodrelaks.waw.pl\/index.php?rest_route=%2Fwp%2Fv2%2Fcomments&post=6"}],"version-history":[{"count":110,"href":"https:\/\/rodrelaks.waw.pl\/index.php?rest_route=\/wp\/v2\/pages\/6\/revisions"}],"predecessor-version":[{"id":751,"href":"https:\/\/rodrelaks.waw.pl\/index.php?rest_route=\/wp\/v2\/pages\/6\/revisions\/751"}],"wp:attachment":[{"href":"https:\/\/rodrelaks.waw.pl\/index.php?rest_route=%2Fwp%2Fv2%2Fmedia&parent=6"}],"curies":[{"name":"wp","href":"https:\/\/api.w.org\/{rel}","templated":true}]}}